{"id":12,"date":"2024-02-25T19:07:01","date_gmt":"2024-02-25T19:07:01","guid":{"rendered":"http:\/\/dolipor.com\/?page_id=12"},"modified":"2024-02-25T19:07:01","modified_gmt":"2024-02-25T19:07:01","slug":"kontakt","status":"publish","type":"page","link":"http:\/\/dolipor.com\/index.php\/kontakt\/","title":{"rendered":"Kontakt"},"content":{"rendered":"\n<p>DOLIPOR HOLDING ENTERPRISE S.A.<\/p>\n\n\n\n<p>Siedziba Sp\u00f3\u0142ki:<br>81-029 Gda\u0144sk<br>ul. P\u00f3\u0142nocna 1B<\/p>\n\n\n\n<p>dolipor@dolipor.com<br>sekretariat@dolipor.com<br><\/p>\n\n\n\n<p>Biuro Oddzia\u0142u Bydgoszcz<br>85-055 Bydgoszcz<br>ul. Zduny 18<\/p>\n","protected":false},"excerpt":{"rendered":"<p>DOLIPOR HOLDING ENTERPRISE S.A. Siedziba Sp\u00f3\u0142ki:81-029 Gda\u0144skul. P\u00f3\u0142nocna 1B dolipor@dolipor.comsekretariat@dolipor.com Biuro Oddzia\u0142u Bydgoszcz85-055 Bydgoszczul. Zduny 18<\/p>\n","protected":false},"author":1,"featured_media":0,"parent":0,"menu_order":0,"comment_status":"closed","ping_status":"closed","template":"","meta":{"footnotes":""},"_links":{"self":[{"href":"http:\/\/dolipor.com\/index.php\/wp-json\/wp\/v2\/pages\/12"}],"collection":[{"href":"http:\/\/dolipor.com\/index.php\/wp-json\/wp\/v2\/pages"}],"about":[{"href":"http:\/\/dolipor.com\/index.php\/wp-json\/wp\/v2\/types\/page"}],"author":[{"embeddable":true,"href":"http:\/\/dolipor.com\/index.php\/wp-json\/wp\/v2\/users\/1"}],"replies":[{"embeddable":true,"href":"http:\/\/dolipor.com\/index.php\/wp-json\/wp\/v2\/comments?post=12"}],"version-history":[{"count":1,"href":"http:\/\/dolipor.com\/index.php\/wp-json\/wp\/v2\/pages\/12\/revisions"}],"predecessor-version":[{"id":13,"href":"http:\/\/dolipor.com\/index.php\/wp-json\/wp\/v2\/pages\/12\/revisions\/13"}],"wp:attachment":[{"href":"http:\/\/dolipor.com\/index.php\/wp-json\/wp\/v2\/media?parent=12"}],"curies":[{"name":"wp","href":"https:\/\/api.w.org\/{rel}","templated":true}]}}