{"id":6,"date":"2024-02-25T19:00:21","date_gmt":"2024-02-25T19:00:21","guid":{"rendered":"http:\/\/dolipor.com\/?page_id=6"},"modified":"2024-02-25T19:00:22","modified_gmt":"2024-02-25T19:00:22","slug":"strona-glowna","status":"publish","type":"page","link":"http:\/\/dolipor.com\/","title":{"rendered":"Strona G\u0142\u00f3wna"},"content":{"rendered":"\n<p>Firma DOLIPOR HOLDING ENTERPRISE jest Zespo\u0142em starannie dobranych Specjalist\u00f3w, Firm &#8211; Partner\u00f3w i Przedstawicieli Wolnych Zawod\u00f3w z wieloletnim do\u015bwiadczeniem w przygotowaniu i realizacji inwestycji.<\/p>\n\n\n\n<p>Je\u015bli planujesz biznes, my przeprowadzimy dla Ciebie ca\u0142y proces organizacyjny od pomys\u0142u do uruchomienia dzia\u0142alno\u015bci gospodarczej. Je\u015bli nie masz nieruchomo\u015bci i planujesz inwestycj\u0119, my pozyskamy dzia\u0142k\u0119 i poprowadzimy z Tob\u0105 projekt inwestycyjny, kt\u00f3ry sobie zaplanowa\u0142e\u015b.<br>Oferta naszej Firmy jest widoczna w zak\u0142adce Oferty. Poznaj wi\u0119c nasze mo\u017cliwo\u015bci\u2026<\/p>\n","protected":false},"excerpt":{"rendered":"<p>Firma DOLIPOR HOLDING ENTERPRISE jest Zespo\u0142em starannie dobranych Specjalist\u00f3w, Firm &#8211; Partner\u00f3w i Przedstawicieli Wolnych Zawod\u00f3w z wieloletnim do\u015bwiadczeniem w przygotowaniu i realizacji inwestycji. Je\u015bli&hellip;<\/p>\n","protected":false},"author":1,"featured_media":0,"parent":0,"menu_order":0,"comment_status":"closed","ping_status":"closed","template":"","meta":{"footnotes":""},"_links":{"self":[{"href":"http:\/\/dolipor.com\/index.php\/wp-json\/wp\/v2\/pages\/6"}],"collection":[{"href":"http:\/\/dolipor.com\/index.php\/wp-json\/wp\/v2\/pages"}],"about":[{"href":"http:\/\/dolipor.com\/index.php\/wp-json\/wp\/v2\/types\/page"}],"author":[{"embeddable":true,"href":"http:\/\/dolipor.com\/index.php\/wp-json\/wp\/v2\/users\/1"}],"replies":[{"embeddable":true,"href":"http:\/\/dolipor.com\/index.php\/wp-json\/wp\/v2\/comments?post=6"}],"version-history":[{"count":1,"href":"http:\/\/dolipor.com\/index.php\/wp-json\/wp\/v2\/pages\/6\/revisions"}],"predecessor-version":[{"id":7,"href":"http:\/\/dolipor.com\/index.php\/wp-json\/wp\/v2\/pages\/6\/revisions\/7"}],"wp:attachment":[{"href":"http:\/\/dolipor.com\/index.php\/wp-json\/wp\/v2\/media?parent=6"}],"curies":[{"name":"wp","href":"https:\/\/api.w.org\/{rel}","templated":true}]}}